{"id":96,"date":"2019-11-12T12:30:00","date_gmt":"2019-11-12T11:30:00","guid":{"rendered":"https:\/\/omnikonzultant.cz\/?page_id=96"},"modified":"2025-11-10T19:56:02","modified_gmt":"2025-11-10T18:56:02","slug":"dlouhodoba-spoluprace","status":"publish","type":"page","link":"https:\/\/omnikonzultant.cz\/investicni-konzultace\/dlouhodoba-spoluprace\/","title":{"rendered":"Dlouhodob\u00e1 spolupr\u00e1ce"},"content":{"rendered":"<p style=\"text-align: justify;\"><a href=\"https:\/\/eshop.goldengate.cz?ref_id=0199bf292a\" target=\"_blank\" rel=\"noopener\"><img loading=\"lazy\" decoding=\"async\" class=\"size-medium wp-image-177 aligncenter\" src=\"https:\/\/omnikonzultant.cz\/wp-content\/uploads\/2024\/11\/GGlogo1-300x70.jpg\" alt=\"\" width=\"300\" height=\"70\" srcset=\"https:\/\/omnikonzultant.cz\/wp-content\/uploads\/2024\/11\/GGlogo1-300x70.jpg 300w, https:\/\/omnikonzultant.cz\/wp-content\/uploads\/2024\/11\/GGlogo1-768x178.jpg 768w, https:\/\/omnikonzultant.cz\/wp-content\/uploads\/2024\/11\/GGlogo1.jpg 772w\" sizes=\"auto, (max-width: 300px) 100vw, 300px\" \/><\/a><\/p>\n<p>Skupina Golden Gate je ryze \u010desk\u00fd subjekt, kter\u00fd je na trhu ji\u017e od roku 2011. Skrze unik\u00e1tn\u00ed p\u0159\u00edstup a n\u00e1sledn\u011b i produkty se vypracovali na jedni\u010dku v prodeji drah\u00fdch kov\u016f v \u010cR a dokonce i nejv\u011bt\u0161\u00edho prodejce investi\u010dn\u00edho st\u0159\u00edbra v Evrop\u011b. N\u00e1sledn\u011b p\u0159ibrali do sv\u00e9ho portfolia i kryptom\u011bny a nov\u011b i investi\u010dn\u00ed fondy. S\u00e1m jsem je dlouh\u00e9 roky vyu\u017e\u00edval jako z\u00e1kazn\u00edk a doporu\u010doval jejich slu\u017eby a produkty sv\u00fdm klient\u016fm. V roce 2024 jsme pak nav\u00e1zali ofici\u00e1ln\u00ed spolupr\u00e1ci. Nen\u00ed to tedy tak, \u017ee bych s nimi za\u010dal spolupracovat a proto je lidem doporu\u010doval, ale naopak jsem s nimi byl dlouhodob\u011b s\u00e1m spokojen a lidem je doporu\u010doval i tak, a proto jsem s nimi tu spolupr\u00e1ci zah\u00e1jil. Jejich webov\u00e9 str\u00e1nky najdete <a href=\"https:\/\/eshop.goldengate.cz\/?ref_id=0199bf292a\" target=\"_blank\" rel=\"noopener\">zde<\/a> a pokud byste pot\u0159ebovali pomoci s v\u00fdb\u011brem, nebo m\u011bli z\u00e1jem o n\u011bkter\u00fd z jejich dlouhodob\u011bj\u0161\u00edch produkt\u016f, nev\u00e1hejte mne kontaktovat a spole\u010dn\u011b jist\u011b vybereme n\u011bco p\u0159esn\u011b V\u00e1m na m\u00edru, co V\u00e1m bude vyhovovat.<\/p>\n<p>&nbsp;<\/p>\n<p style=\"text-align: justify;\"><a href=\"https:\/\/www.virtualproperty.cz\/\" target=\"_blank\" rel=\"noopener\"><img loading=\"lazy\" decoding=\"async\" class=\"aligncenter wp-image-97 size-medium\" src=\"https:\/\/omnikonzultant.cz\/wp-content\/uploads\/2019\/11\/VPlogo-300x72.png\" alt=\"\" width=\"300\" height=\"72\" srcset=\"https:\/\/omnikonzultant.cz\/wp-content\/uploads\/2019\/11\/VPlogo-300x72.png 300w, https:\/\/omnikonzultant.cz\/wp-content\/uploads\/2019\/11\/VPlogo.png 700w\" sizes=\"auto, (max-width: 300px) 100vw, 300px\" \/><\/a><\/p>\n<p style=\"text-align: justify;\">Jedn\u00e1 se o \u010desko-slovenskou kryptom\u011bnovou sm\u011bn\u00e1rnu <a href=\"https:\/\/www.virtualproperty.cz\/\" target=\"_blank\" rel=\"noopener noreferrer\">VirtualProperty.cz<\/a>, jej\u00ed\u017e t\u00fdm se zab\u00fdv\u00e1 klientskou sm\u011bnou kryptom\u011bn (patrn\u011b jste ji\u017e sly\u0161eli pojem Bitcoin, \u017ee?) od roku 2017. Toto odv\u011btv\u00ed je velmi zaj\u00edmav\u00e9 sv\u00fdm potenci\u00e1ln\u00edm ekonomick\u00fdm i technologick\u00fdm p\u0159\u00ednosem i rychl\u00fdm v\u00fdvojem. Pro tuto sm\u011bn\u00e1rnu poskytuji konzultace o mo\u017en\u00e9m rozvoji slu\u017eeb, z\u00e1kaznick\u00fd n\u00e1hled a hodnocen\u00ed, pom\u00e1hal jsem dlouhodob\u011b za\u0161ti\u0165ovat klientskou podporu a jsem autorem n\u011bkter\u00fdch jejich text\u016f. Co oce\u0148uji naopak j\u00e1 na jejich pr\u00e1ci, je p\u0159edev\u0161\u00edm p\u0159\u00edstup k lidem, kdy se v jinak drav\u00e9m sv\u011bte sna\u017e\u00ed pom\u00e1hat a podporovat nov\u00e1\u010dky p\u0159i nab\u00fdv\u00e1n\u00ed prvn\u00edch zku\u0161enost\u00ed a v p\u0159\u00edpad\u011b z\u00e1jmu je prov\u00e1d\u00ed skrze za\u010d\u00e1tky s maxim\u00e1ln\u00ed vst\u0159\u00edcnost\u00ed. Za ony roky jsem z\u00edskal velmi dobr\u00fd n\u00e1hled do intern\u00edch proces\u016f, vid\u00edm, jak jejich t\u00fdm funguje a sm\u00fd\u0161l\u00ed, a je pro mne radost s nimi spolupracovat nejen finan\u010dn\u011b, ale i lidsky. Rovn\u011b\u017e jejich poplatky za slu\u017eby jsou z t\u011bch nejni\u017e\u0161\u00edch mo\u017en\u00fdch a ur\u010dit\u011b je pova\u017euji za top volbu v oblasti cz\/sk sm\u011bn\u00e1ren tohoto typu, kterou i osobn\u011b vyu\u017e\u00edv\u00e1m. Pokud se tedy pohybujete v oblasti kryptom\u011bn, nebo zva\u017eujete se o toto odv\u011btv\u00ed zaj\u00edmat, mohu tuto sm\u011bn\u00e1rnu doporu\u010dit s naprosto \u010dist\u00fdm sv\u011bdom\u00edm.<\/p>\n<p style=\"text-align: justify;\">Zde p\u0159ikl\u00e1d\u00e1m jejich recenzi na m\u00e9 slu\u017eby:<\/p>\n<p style=\"text-align: justify;\"><em>&#8222;Spolupr\u00e1ce s OmniKonzultantem prob\u00edh\u00e1 v\u017edy spolehliv\u011b. V\u017edy je dodr\u017eov\u00e1na maxim\u00e1ln\u00ed m\u00edra profesionality, jeho poradensk\u00e1 a konzulta\u010dn\u00ed \u010dinnost odpov\u00edd\u00e1 nejvy\u0161\u0161\u00edm standard\u016fm, dok\u00e1\u017ee klient\u016fm objektivn\u011b zhodnotit projekty a navrhnout efektivn\u00ed \u0159e\u0161en\u00ed p\u0159\u00edpadn\u00fdch nedostatk\u016f. Cenov\u011b velmi v\u00fdhodn\u00e9 &#8211; slu\u017eb\u011b nen\u00ed co vytknout. Jsme velmi spokojeni.&#8220;<\/em><\/p>\n<p>*DODATEK: Sm\u011bn\u00e1rna VirtualProperty k 31.10.2024 bohu\u017eel ukon\u010dila s kone\u010dnou platnost\u00ed svou \u010dinnost. Na vin\u011b byla p\u0159edev\u0161\u00edm dlouhodob\u011b trvaj\u00edc\u00ed bankovn\u00ed diskriminace a \u0161ikana, kterou jsem se zaob\u00edral ji\u017e d\u0159\u00edve <a href=\"https:\/\/www.youtube.com\/watch?v=HyKStCd71VI&amp;t=1s\" target=\"_blank\" rel=\"noopener\">v tomto m\u00e9m videu<\/a>. Z\u00e1pis o t\u00e9to firm\u011b zde nech\u00e1v\u00e1m proto, \u017ee si neskute\u010dn\u011b v\u00e1\u017e\u00edm p\u0159\u00edstupu, ob\u011btavosti a pr\u00e1ce, kter\u00e9 tito lid\u00e9 do kryptom\u011bnov\u00e9 sf\u00e9ry p\u0159in\u00e1\u0161eli a chov\u00e1n\u00ed ke klient\u016fm bylo v\u017edy (v r\u00e1mci z\u00e1kona, samoz\u0159ejm\u011b) velmi vst\u0159\u00edcn\u00e9, ochotn\u00e9 a f\u00e9rov\u00e9. Na\u0161e spolupr\u00e1ce byla i pro mne velmi p\u0159\u00ednosn\u00e1 a zdrojem mnoha cenn\u00fdch zku\u0161enost\u00ed, nejen po odborn\u00e9 str\u00e1nce, za co\u017e jim t\u00edmto velice d\u011bkuji.<\/p>\n","protected":false},"excerpt":{"rendered":"<p>Skupina Golden Gate je ryze \u010desk\u00fd subjekt, kter\u00fd je na trhu ji\u017e od roku 2011. Skrze unik\u00e1tn\u00ed p\u0159\u00edstup a n\u00e1sledn\u011b i produkty se vypracovali na jedni\u010dku v prodeji drah\u00fdch kov\u016f v \u010cR a dokonce i nejv\u011bt\u0161\u00edho prodejce investi\u010dn\u00edho st\u0159\u00edbra v Evrop\u011b. N\u00e1sledn\u011b p\u0159ibrali do sv\u00e9ho portfolia i kryptom\u011bny a nov\u011b&#8230; <a class=\"continue-reading-link\" href=\"https:\/\/omnikonzultant.cz\/investicni-konzultace\/dlouhodoba-spoluprace\/\">\u010c\u00edst d\u00e1le <span class=\"meta-nav\">&rarr; <\/span><\/a><\/p>\n","protected":false},"author":1,"featured_media":0,"parent":0,"menu_order":0,"comment_status":"closed","ping_status":"closed","template":"","meta":{"footnotes":""},"class_list":["post-96","page","type-page","status-publish","hentry"],"_links":{"self":[{"href":"https:\/\/omnikonzultant.cz\/investicni-konzultace\/wp-json\/wp\/v2\/pages\/96","targetHints":{"allow":["GET"]}}],"collection":[{"href":"https:\/\/omnikonzultant.cz\/investicni-konzultace\/wp-json\/wp\/v2\/pages"}],"about":[{"href":"https:\/\/omnikonzultant.cz\/investicni-konzultace\/wp-json\/wp\/v2\/types\/page"}],"author":[{"embeddable":true,"href":"https:\/\/omnikonzultant.cz\/investicni-konzultace\/wp-json\/wp\/v2\/users\/1"}],"replies":[{"embeddable":true,"href":"https:\/\/omnikonzultant.cz\/investicni-konzultace\/wp-json\/wp\/v2\/comments?post=96"}],"version-history":[{"count":17,"href":"https:\/\/omnikonzultant.cz\/investicni-konzultace\/wp-json\/wp\/v2\/pages\/96\/revisions"}],"predecessor-version":[{"id":207,"href":"https:\/\/omnikonzultant.cz\/investicni-konzultace\/wp-json\/wp\/v2\/pages\/96\/revisions\/207"}],"wp:attachment":[{"href":"https:\/\/omnikonzultant.cz\/investicni-konzultace\/wp-json\/wp\/v2\/media?parent=96"}],"curies":[{"name":"wp","href":"https:\/\/api.w.org\/{rel}","templated":true}]}}