{"id":161,"date":"2024-11-19T18:22:37","date_gmt":"2024-11-19T17:22:37","guid":{"rendered":"https:\/\/omnikonzultant.cz\/?page_id=161"},"modified":"2025-11-10T19:55:44","modified_gmt":"2025-11-10T18:55:44","slug":"investicni-konzultace","status":"publish","type":"page","link":"https:\/\/omnikonzultant.cz\/investicni-konzultace\/","title":{"rendered":"Investi\u010dn\u00ed &#038; bezpe\u010dnostn\u00ed konzultace"},"content":{"rendered":"<p style=\"text-align: justify;\">Hlavn\u00ed n\u00e1pln\u00ed m\u00e9 \u010dinnosti jsou konzultace zam\u011b\u0159en\u00e9 na finan\u010dn\u00ed zdrav\u00ed a zaji\u0161t\u011bn\u00ed m\u00fdch klient\u016f do budoucna.<\/p>\n<p style=\"text-align: justify;\">Prim\u00e1rn\u00edm c\u00edlem v t\u00e9to oblasti je pomoci lidem ochr\u00e1nit jejich d\u0159\u00edve nabyt\u00e9 hodnoty prost\u0159ednictv\u00edm osv\u011bd\u010den\u00fdch investi\u010dn\u00edch cest a uk\u00e1zat jim, jak sv\u00e9 portfolio budovat, aby z n\u011bj mohli t\u011b\u017eit dlouhodob\u011b. Uk\u00e1\u017ei V\u00e1m, jak si podle sv\u00fdch mo\u017enost\u00ed spr\u00e1vn\u011b rozvrhnout majetek, aby se nejen minimalizoval dopad inflace, ale aby jste na n\u00ed naopak ide\u00e1ln\u011b mohli i vyd\u011blat. Spr\u00e1vn\u00e1 diverzifikace tak\u00e9 velmi v\u00fdrazn\u011b sni\u017euje dopad kriz\u00ed a siln\u00fdch propad\u016f v jednotliv\u00fdch oblastech.<\/p>\n<p style=\"text-align: justify;\">Ka\u017ed\u00fd z n\u00e1s m\u00e1 jin\u00fd postoj k financ\u00edm a sou\u010dasn\u00e9mu finan\u010dn\u00edmu i bankovn\u00edmu syst\u00e9mu. N\u011bkomu to vyhovuje, jin\u00fd to prost\u011b ne\u0159e\u0161\u00ed a dal\u0161\u00ed by to &#8222;nejrad\u011bji neznal&#8220;. Tak jako tak s t\u00edm ale p\u0159ich\u00e1z\u00edme do styku, proto\u017ee jsme placeni za svou pr\u00e1ci, plat\u00edme \u00fa\u010dty, nakupujeme a tak d\u00e1le. Proto na v\u0161echny z n\u00e1s dol\u00e9haj\u00ed i dopady ne\u017e\u00e1douc\u00edch ekonomick\u00fdch jev\u016f, jako je pr\u00e1v\u011b inflace, kter\u00e1 znehodnocuje na\u0161e pracn\u011b a poctiv\u011b vyd\u011blan\u00e9 pen\u00edze. Tu sice nem\u016f\u017eeme zarazit nebo zvr\u00e1tit, ale to neznamen\u00e1, \u017ee s n\u00ed nelze nic d\u011blat a mus\u00edme si to nechat l\u00edbit. Zdrav\u00e9 finan\u010dn\u00ed z\u00e1zem\u00ed jsou zkr\u00e1tka nejen p\u011bkn\u00e1 \u010d\u00edsla na kontech, ale i klid skrze v\u011bdom\u00ed zabezpe\u010den\u00ed sebe a sv\u00fdch bl\u00edzk\u00fdch do budoucna.<\/p>\n<p style=\"text-align: justify;\">Tento typ konzultac\u00ed je, na rozd\u00edl od m\u00fdch dal\u0161\u00edch dopl\u0148kov\u00fdch slu\u017eeb, zcela zdarma. Na prvn\u00ed sch\u016fzce, kter\u00e1 m\u016f\u017ee prob\u00edhat osobn\u011b i online (podle Va\u0161ich preferenc\u00ed), se pod\u00edv\u00e1me na Va\u0161i situaci a nast\u00edn\u00edme si mo\u017en\u00e9 kroky, kter\u00e9 by za dan\u00fdch okolnost\u00ed bylo nejvhodn\u011bj\u0161\u00ed podniknout. Zda je v\u0161ak budeme \u010di nebudeme i realizovat je pouze na V\u00e1s a poskytnut\u00ed t\u00e9to slu\u017eby nen\u00ed podm\u00edn\u011bno \u017e\u00e1dn\u00fdm finan\u010dn\u00edm z\u00e1vazkem. Popt\u00e1vka je nez\u00e1vazn\u00e1 a proto se nebojte\/nesty\u010fte napsat a spole\u010dn\u011b se pod\u00edv\u00e1me na to, jak konkr\u00e9tn\u011b V\u00e1m m\u016f\u017eeme zlep\u0161it a usnadnit \u017eivot.<\/p>\n<p style=\"text-align: justify;\">\n","protected":false},"excerpt":{"rendered":"<p>Hlavn\u00ed n\u00e1pln\u00ed m\u00e9 \u010dinnosti jsou konzultace zam\u011b\u0159en\u00e9 na finan\u010dn\u00ed zdrav\u00ed a zaji\u0161t\u011bn\u00ed m\u00fdch klient\u016f do budoucna. Prim\u00e1rn\u00edm c\u00edlem v t\u00e9to oblasti je pomoci lidem ochr\u00e1nit jejich d\u0159\u00edve nabyt\u00e9 hodnoty prost\u0159ednictv\u00edm osv\u011bd\u010den\u00fdch investi\u010dn\u00edch cest a uk\u00e1zat jim, jak sv\u00e9 portfolio budovat, aby z n\u011bj mohli t\u011b\u017eit dlouhodob\u011b. Uk\u00e1\u017ei V\u00e1m, jak si&#8230; <a class=\"continue-reading-link\" href=\"https:\/\/omnikonzultant.cz\/investicni-konzultace\/\">\u010c\u00edst d\u00e1le <span class=\"meta-nav\">&rarr; <\/span><\/a><\/p>\n","protected":false},"author":1,"featured_media":0,"parent":0,"menu_order":0,"comment_status":"closed","ping_status":"closed","template":"","meta":{"footnotes":""},"class_list":["post-161","page","type-page","status-publish","hentry"],"_links":{"self":[{"href":"https:\/\/omnikonzultant.cz\/investicni-konzultace\/wp-json\/wp\/v2\/pages\/161","targetHints":{"allow":["GET"]}}],"collection":[{"href":"https:\/\/omnikonzultant.cz\/investicni-konzultace\/wp-json\/wp\/v2\/pages"}],"about":[{"href":"https:\/\/omnikonzultant.cz\/investicni-konzultace\/wp-json\/wp\/v2\/types\/page"}],"author":[{"embeddable":true,"href":"https:\/\/omnikonzultant.cz\/investicni-konzultace\/wp-json\/wp\/v2\/users\/1"}],"replies":[{"embeddable":true,"href":"https:\/\/omnikonzultant.cz\/investicni-konzultace\/wp-json\/wp\/v2\/comments?post=161"}],"version-history":[{"count":12,"href":"https:\/\/omnikonzultant.cz\/investicni-konzultace\/wp-json\/wp\/v2\/pages\/161\/revisions"}],"predecessor-version":[{"id":206,"href":"https:\/\/omnikonzultant.cz\/investicni-konzultace\/wp-json\/wp\/v2\/pages\/161\/revisions\/206"}],"wp:attachment":[{"href":"https:\/\/omnikonzultant.cz\/investicni-konzultace\/wp-json\/wp\/v2\/media?parent=161"}],"curies":[{"name":"wp","href":"https:\/\/api.w.org\/{rel}","templated":true}]}}