{"id":16,"date":"2018-06-01T09:49:26","date_gmt":"2018-06-01T07:49:26","guid":{"rendered":"http:\/\/omnikonzultant.cz\/?page_id=16"},"modified":"2025-11-12T22:48:43","modified_gmt":"2025-11-12T21:48:43","slug":"jake-sluzby-nabizim","status":"publish","type":"page","link":"https:\/\/omnikonzultant.cz\/investicni-konzultace\/jake-sluzby-nabizim\/","title":{"rendered":"Jak\u00e9 dal\u0161\u00ed slu\u017eby nab\u00edz\u00edm?"},"content":{"rendered":"<h3 style=\"text-align: center;\">Omnikonzultace<\/h3>\n<p style=\"text-align: justify;\">Pokud p\u0159em\u00fd\u0161l\u00edte, co to vlastn\u011b je a co si pod t\u00edmto pojmem p\u0159edstavit, tak &#8222;Omni&#8220; je latinsk\u00fd v\u00fdznam pro &#8222;V\u0161e&#8220;. P\u0159i sv\u00e9 pr\u00e1ci se toti\u017e zam\u011b\u0159uji na po\u017eadavky a pot\u0159eby klienta, navazuji na n\u011b a flexibiln\u011b jim p\u0159izp\u016fsobuji svou metodiku pr\u00e1ce. Neomezuji se tak na dop\u0159edu vyhrazen\u00e9 &#8222;boxy&#8220;, co se t\u00fd\u010de t\u00e9mat, formy pr\u00e1ce nebo zp\u016fsobu jedn\u00e1n\u00ed a vystupov\u00e1n\u00ed. Za p\u0159edpokladu, \u017ee mi z\u00e1kazn\u00edk poskytne dostatek informac\u00ed a vhodn\u00e9 podm\u00ednky, je m\u00fdm c\u00edlem mu dodat maxim\u00e1ln\u011b hodnotn\u00fd a objektivn\u00ed v\u00fdstup, dle m\u00e9ho nejlep\u0161\u00edho v\u011bdom\u00ed a sv\u011bdom\u00ed, ve v\u0161ech oblastech, na kter\u00fdch se v r\u00e1mci spolupr\u00e1ce dohodneme. Prim\u00e1rn\u011b se zam\u011b\u0159uji poradenstv\u00ed v mo\u017enostech dal\u0161\u00edho rozvoje slu\u017eeb, zam\u011bstnaneck\u00e9 a z\u00e1kaznick\u00e9 hodnocen\u00ed a o\u010dek\u00e1v\u00e1n\u00ed, obecn\u00fd marketing a PR, ale v\u0161e je na vz\u00e1jemn\u00e9 domluv\u011b a s dostatkem \u010dasu na p\u0159\u00edpravu se mohu v\u011bnovat prakticky jak\u00e9mukoliv t\u00e9matu.<\/p>\n<h3 style=\"text-align: center;\">Realitn\u00ed poradenstv\u00ed<\/h3>\n<p>Reality jsou odv\u011btv\u00ed, kter\u00e9 m\u011b velmi zaj\u00edm\u00e1 a bav\u00ed. Sv\u00fdm klient\u016fm zde nab\u00edz\u00edm slu\u017eby \u0161irok\u00e9ho z\u00e1b\u011bru, jako:<\/p>\n<ul>\n<li style=\"text-align: left;\">Tr\u017en\u00ed nacen\u011bn\u00ed Va\u0161\u00ed nemovitosti<\/li>\n<li style=\"text-align: left;\">Kompletn\u00ed poradenstv\u00ed jak, kde a za kolik nemovitost nejl\u00e9pe prodat<\/li>\n<li style=\"text-align: left;\">Na co si d\u00e1t pozor p\u0159i koupi nemovitosti a jak si spr\u00e1vn\u011b spo\u010d\u00edtat p\u0159edpokl\u00e1dan\u00e9 n\u00e1klady<\/li>\n<li style=\"text-align: left;\">Hodnocen\u00ed konkr\u00e9tn\u00ed nab\u00eddky, kterou zva\u017eujete (p\u0159\u00edpadn\u011b i doprovod a konzultace b\u011bhem p\u0159\u00edm\u00e9 prohl\u00eddky)<\/li>\n<\/ul>\n<h3 style=\"text-align: center;\">Testing produkt\u016f a slu\u017eeb<\/h3>\n<p style=\"text-align: justify;\">Pokud chcete objektivn\u00ed a nestrann\u00fd n\u00e1zor na sv\u016fj produkt nebo slu\u017ebu, jsem V\u00e1m pln\u011b k dispozici. Stejn\u011b tak p\u0159i hodnocen\u00ed dojmu z\u00e1jemce\/nov\u00e9ho z\u00e1kazn\u00edka (first impression) &#8211; majitel\u00e9 a obsluha \u010dasto nevid\u00ed nebo podce\u0148uj\u00ed dojem, kter\u00fd n\u011bkter\u00e9 zd\u00e1nliv\u011b m\u00e1lo v\u00fdznamn\u00e9 elementy maj\u00ed, a p\u0159esto pr\u00e1v\u011b tyto mohou m\u00edt z\u00e1sadn\u00ed vliv na \u010dlov\u011bka, kter\u00fd k v\u00e1m zav\u00edt\u00e1 poprv\u00e9 (nap\u0159. v restauraci se sice m\u016f\u017ee v\u00fdborn\u011b va\u0159it za skv\u011bl\u00e9 ceny, na \u010dem\u017e ale tolik nez\u00e1le\u017e\u00ed, pokud potenci\u00e1ln\u00edho nov\u00e9ho z\u00e1kazn\u00edka odrad\u00ed u\u017e oml\u00e1cen\u00e9 dve\u0159e s povolenou klikou, pavu\u010diny v podhledu kolem blikaj\u00edc\u00edho sv\u011btla a rozh\u00e1zen\u00e9 nedopalky na zemi. On proto do podniku ani nevstoup\u00ed a nem\u016f\u017ee tak zjistit jeho hlavn\u00ed a mo\u017en\u00e1 rozhoduj\u00edc\u00ed kvality. Vy tak p\u0159ijdete o mo\u017en\u00e1 i trval\u00e9ho a velmi dobr\u00e9ho &#8222;\u0161tamgasta&#8220;). Vy \u010dasto u\u017e vid\u00edte v\u011bci a jejich stav \u010di \u00farove\u0148 v ur\u010dit\u00e9m kontextu a u\u017e je nevn\u00edm\u00e1te tak, jak to ud\u011bl\u00e1 nov\u00fd z\u00e1kazn\u00edk &#8211; a p\u0159esn\u011b s t\u00edmto v\u00e1m mohu pomoci. Od restaurac\u00ed a ubytovac\u00edch i jin\u00fdch slu\u017eeb p\u0159es z\u00e1\u017eitkov\u00e9 kancel\u00e1\u0159e, a\u017e po zkou\u0161en\u00ed her a aplikac\u00ed, \u010di v\u011bc\u00ed b\u011b\u017en\u00e9 denn\u00ed pot\u0159eby. Testing bude st\u00e1t na lidsk\u00e9m faktoru, nikoliv na speci\u00e1ln\u00edm vybaven\u00ed nap\u0159. m\u011b\u0159\u00edc\u00ed techniky. Plat\u00ed tu ale nezlomn\u00e9 pravidlo &#8211; m\u00e9 hodnocen\u00ed a recenze budou, stejn\u011b jako m\u00e9 konzultace, v\u017edy objektivn\u00ed a dle m\u00e9ho nejlep\u0161\u00edho v\u011bdom\u00ed a sv\u011bdom\u00ed. Nejedn\u00e1 se o formu propagace.<\/p>\n<h3 style=\"text-align: center;\">Pohled nez\u00fa\u010dastn\u011bn\u00e9 t\u0159et\u00ed strany<\/h3>\n<p style=\"text-align: justify;\">Mo\u017en\u00e1 to zn\u00e1te &#8211; tak dlouho \u0159e\u0161\u00edte n\u011bjak\u00fd probl\u00e9m nebo spor, tak moc se na n\u011bj soust\u0159ed\u00edte, a\u017e za\u010dnete uva\u017eovat v jak\u00e9msi my\u0161lenkov\u00e9m tunelu a nevid\u00edte a nezohled\u0148ujete v\u011bci mimo n\u011bj. Takov\u00e9to z\u00e1seky jsou b\u011b\u017en\u00e1 v\u011bc a kolikr\u00e1t sta\u010d\u00ed mal\u00fd post\u0159eh od n\u011bkoho vn\u011b probl\u00e9mu, nezaujat\u00fd n\u00e1zor nebo origin\u00e1ln\u00ed p\u0159ipom\u00ednka &#8211; a tento blok se poda\u0159\u00ed prorazit a op\u011bt pokra\u010dovat d\u00e1l. A p\u0159esn\u011b toto v\u00e1m mohu nab\u00eddnout.<\/p>\n","protected":false},"excerpt":{"rendered":"<p>Omnikonzultace Pokud p\u0159em\u00fd\u0161l\u00edte, co to vlastn\u011b je a co si pod t\u00edmto pojmem p\u0159edstavit, tak &#8222;Omni&#8220; je latinsk\u00fd v\u00fdznam pro &#8222;V\u0161e&#8220;. P\u0159i sv\u00e9 pr\u00e1ci se toti\u017e zam\u011b\u0159uji na po\u017eadavky a pot\u0159eby klienta, navazuji na n\u011b a flexibiln\u011b jim p\u0159izp\u016fsobuji svou metodiku pr\u00e1ce. Neomezuji se tak na dop\u0159edu vyhrazen\u00e9 &#8222;boxy&#8220;, co&#8230; <a class=\"continue-reading-link\" href=\"https:\/\/omnikonzultant.cz\/investicni-konzultace\/jake-sluzby-nabizim\/\">\u010c\u00edst d\u00e1le <span class=\"meta-nav\">&rarr; <\/span><\/a><\/p>\n","protected":false},"author":1,"featured_media":0,"parent":0,"menu_order":1,"comment_status":"closed","ping_status":"closed","template":"","meta":{"footnotes":""},"class_list":["post-16","page","type-page","status-publish","hentry"],"_links":{"self":[{"href":"https:\/\/omnikonzultant.cz\/investicni-konzultace\/wp-json\/wp\/v2\/pages\/16","targetHints":{"allow":["GET"]}}],"collection":[{"href":"https:\/\/omnikonzultant.cz\/investicni-konzultace\/wp-json\/wp\/v2\/pages"}],"about":[{"href":"https:\/\/omnikonzultant.cz\/investicni-konzultace\/wp-json\/wp\/v2\/types\/page"}],"author":[{"embeddable":true,"href":"https:\/\/omnikonzultant.cz\/investicni-konzultace\/wp-json\/wp\/v2\/users\/1"}],"replies":[{"embeddable":true,"href":"https:\/\/omnikonzultant.cz\/investicni-konzultace\/wp-json\/wp\/v2\/comments?post=16"}],"version-history":[{"count":18,"href":"https:\/\/omnikonzultant.cz\/investicni-konzultace\/wp-json\/wp\/v2\/pages\/16\/revisions"}],"predecessor-version":[{"id":217,"href":"https:\/\/omnikonzultant.cz\/investicni-konzultace\/wp-json\/wp\/v2\/pages\/16\/revisions\/217"}],"wp:attachment":[{"href":"https:\/\/omnikonzultant.cz\/investicni-konzultace\/wp-json\/wp\/v2\/media?parent=16"}],"curies":[{"name":"wp","href":"https:\/\/api.w.org\/{rel}","templated":true}]}}